{"id":714,"date":"2023-05-02T10:58:58","date_gmt":"2023-05-02T10:58:58","guid":{"rendered":"https:\/\/www.kobe12sl.com\/?page_id=714"},"modified":"2025-07-16T14:32:20","modified_gmt":"2025-07-16T14:32:20","slug":"what-is-kobe","status":"publish","type":"page","link":"https:\/\/www.kobe12sl.com\/es\/what-is-kobe\/","title":{"rendered":"Que es KOBE"},"content":{"rendered":"<div data-elementor-type=\"wp-page\" data-elementor-id=\"714\" class=\"elementor elementor-714\">\n\t\t\t\t\t\t<section class=\"elementor-section elementor-top-section elementor-element elementor-element-e103fdb elementor-section-height-min-height elementor-section-boxed elementor-section-height-default elementor-section-items-middle\" data-id=\"e103fdb\" data-element_type=\"section\" data-e-type=\"section\" data-settings=\"{&quot;background_background&quot;:&quot;gradient&quot;}\">\n\t\t\t\t\t\t<div class=\"elementor-container elementor-column-gap-default\">\n\t\t\t\t\t<div class=\"elementor-column elementor-col-100 elementor-top-column elementor-element elementor-element-286eca3\" data-id=\"286eca3\" data-element_type=\"column\" data-e-type=\"column\">\n\t\t\t<div class=\"elementor-widget-wrap elementor-element-populated\">\n\t\t\t\t\t\t<div class=\"elementor-element elementor-element-a0b52ed elementor-widget__width-initial elementor-widget elementor-widget-image\" data-id=\"a0b52ed\" data-element_type=\"widget\" data-e-type=\"widget\" data-widget_type=\"image.default\">\n\t\t\t\t<div class=\"elementor-widget-container\">\n\t\t\t\t\t\t\t\t\t\t\t\t\t\t\t<img decoding=\"async\" width=\"300\" height=\"131\" src=\"https:\/\/www.kobe12sl.com\/wp-content\/uploads\/2023\/07\/Kobe-copy-3.png\" class=\"attachment-medium size-medium wp-image-1116\" alt=\"\" \/>\t\t\t\t\t\t\t\t\t\t\t\t\t\t\t<\/div>\n\t\t\t\t<\/div>\n\t\t\t\t\t<\/div>\n\t\t<\/div>\n\t\t\t\t\t<\/div>\n\t\t<\/section>\n\t\t\t\t<section class=\"elementor-section elementor-top-section elementor-element elementor-element-dad4e5e elementor-section-height-min-height elementor-section-boxed elementor-section-height-default elementor-section-items-middle\" data-id=\"dad4e5e\" data-element_type=\"section\" data-e-type=\"section\" data-settings=\"{&quot;background_background&quot;:&quot;classic&quot;}\">\n\t\t\t\t\t\t\t<div class=\"elementor-background-overlay\"><\/div>\n\t\t\t\t\t\t\t<div class=\"elementor-container elementor-column-gap-default\">\n\t\t\t\t\t<div class=\"elementor-column elementor-col-100 elementor-top-column elementor-element elementor-element-138244d\" data-id=\"138244d\" data-element_type=\"column\" data-e-type=\"column\">\n\t\t\t<div class=\"elementor-widget-wrap elementor-element-populated\">\n\t\t\t\t\t\t<div class=\"elementor-element elementor-element-8d3ba03 elementor-widget elementor-widget-heading\" data-id=\"8d3ba03\" data-element_type=\"widget\" data-e-type=\"widget\" data-widget_type=\"heading.default\">\n\t\t\t\t<div class=\"elementor-widget-container\">\n\t\t\t\t\t<h2 class=\"elementor-heading-title elementor-size-default\">Que es KOBE<sup>\u00ae<\/sup><\/h2>\t\t\t\t<\/div>\n\t\t\t\t<\/div>\n\t\t\t\t\t<\/div>\n\t\t<\/div>\n\t\t\t\t\t<\/div>\n\t\t<\/section>\n\t\t\t\t<section class=\"elementor-section elementor-top-section elementor-element elementor-element-778b0f6 elementor-section-full_width elementor-section-height-min-height elementor-section-height-default elementor-section-items-middle\" data-id=\"778b0f6\" data-element_type=\"section\" data-e-type=\"section\" data-settings=\"{&quot;background_background&quot;:&quot;gradient&quot;}\">\n\t\t\t\t\t\t<div class=\"elementor-container elementor-column-gap-default\">\n\t\t\t\t\t<div class=\"elementor-column elementor-col-100 elementor-top-column elementor-element elementor-element-4ea1bf9\" data-id=\"4ea1bf9\" data-element_type=\"column\" data-e-type=\"column\">\n\t\t\t<div class=\"elementor-widget-wrap elementor-element-populated\">\n\t\t\t\t\t\t<div class=\"elementor-element elementor-element-8f7b55d elementor-widget elementor-widget-spacer\" data-id=\"8f7b55d\" data-element_type=\"widget\" data-e-type=\"widget\" data-widget_type=\"spacer.default\">\n\t\t\t\t<div class=\"elementor-widget-container\">\n\t\t\t\t\t\t\t<div class=\"elementor-spacer\">\n\t\t\t<div class=\"elementor-spacer-inner\"><\/div>\n\t\t<\/div>\n\t\t\t\t\t\t<\/div>\n\t\t\t\t<\/div>\n\t\t\t\t<div class=\"elementor-element elementor-element-fa9f178 elementor-widget elementor-widget-heading\" data-id=\"fa9f178\" data-element_type=\"widget\" data-e-type=\"widget\" data-widget_type=\"heading.default\">\n\t\t\t\t<div class=\"elementor-widget-container\">\n\t\t\t\t\t<h2 class=\"elementor-heading-title elementor-size-default\"><p><b>Acerca de KOBE<sup>\u00ae<\/sup>:<\/b><\/p>\n<\/h2>\t\t\t\t<\/div>\n\t\t\t\t<\/div>\n\t\t\t\t<div class=\"elementor-element elementor-element-59ae56d elementor-widget elementor-widget-heading\" data-id=\"59ae56d\" data-element_type=\"widget\" data-e-type=\"widget\" data-widget_type=\"heading.default\">\n\t\t\t\t<div class=\"elementor-widget-container\">\n\t\t\t\t\t<h2 class=\"elementor-heading-title elementor-size-default\"><p class=\"translation-block\"><b>KOBE<sup>\u00ae<\/sup><\/b> es un fungicida\/viricida derivado de plantas altamente bioactivo recientemente desarrollado y contiene extracto de planta <i>Rheum Officinale Baill.<\/i><\/p>\n<p class=\"translation-block\">Los ingredientes activos clave en <b>KOBE<sup>\u00ae<\/sup><\/b> son sustancias naturales extra\u00eddas mediante un proceso de extracci\u00f3n \u00fanico de la planta herbal <i>Rheum officinale Baill<\/i> y un m\u00e9todo de aislamiento protegido por patente de las ra\u00edces de la planta <i>Rumex crispus<\/i>.<\/p>\n<p class=\"translation-block\"><b>KOBE<sup>\u00ae<\/sup><\/b> inhibe el metabolismo de las c\u00e9lulas f\u00fangicas y, por lo tanto, previene el crecimiento de los micelios (c\u00e9lulas f\u00fangicas) en el subsuelo de la planta. <b>KOBE<sup>\u00ae<\/sup><\/b> tambi\u00e9n limita el crecimiento de conidios (mitosporas).<\/p>\n<p class=\"translation-block\"><b>KOBE<sup>\u00ae<\/sup><\/b> proporciona una protecci\u00f3n excelente y eficaz contra el mildi\u00fa polvoroso, el moho gris y otras enfermedades en una amplia gama de cultivos; entre ellos hortalizas, ornamentales y cereales. Tambi\u00e9n ofrece una soluci\u00f3n contra el mildi\u00fa velloso, la alternaria y la antracnosis.<\/p>\n<p class=\"translation-block\"><b>KOBE<sup>\u00ae<\/sup><\/b> tambi\u00e9n ofrece una soluci\u00f3n contra ciertas enfermedades transmitidas por el suelo, como <i>pythium<\/i> y <i>rhizoctonia<\/i>. Act\u00faa adem\u00e1s como una soluci\u00f3n clave de Manejo Integrado de Plagas (MIP) contra diversas bacterias y virus agr\u00edcolas, entre ellos el marchitamiento bacteriano, el MLNV (Virus de la Necrosis Letal del Ma\u00edz) y el TMV (Virus del Mosaico del Tabaco).<p class=\"translation-block\">Como producto de baja toxicidad para humanos y ganado, es amigable con el medio ambiente y puede ser utilizado en la producci\u00f3n de hortalizas. Se recomienda usar <b>KOBE<sup>\u00ae<\/sup><\/b> antes o al primer signo de infecci\u00f3n de O\u00eddio.<\/p>\n<\/h2>\t\t\t\t<\/div>\n\t\t\t\t<\/div>\n\t\t\t\t<div class=\"elementor-element elementor-element-195c044 elementor-widget elementor-widget-spacer\" data-id=\"195c044\" data-element_type=\"widget\" data-e-type=\"widget\" data-widget_type=\"spacer.default\">\n\t\t\t\t<div class=\"elementor-widget-container\">\n\t\t\t\t\t\t\t<div class=\"elementor-spacer\">\n\t\t\t<div class=\"elementor-spacer-inner\"><\/div>\n\t\t<\/div>\n\t\t\t\t\t\t<\/div>\n\t\t\t\t<\/div>\n\t\t\t\t\t<\/div>\n\t\t<\/div>\n\t\t\t\t\t<\/div>\n\t\t<\/section>\n\t\t\t\t<section class=\"elementor-section elementor-top-section elementor-element elementor-element-fa29dda elementor-section-full_width elementor-section-height-min-height elementor-section-height-default elementor-section-items-middle\" data-id=\"fa29dda\" data-element_type=\"section\" data-e-type=\"section\" data-settings=\"{&quot;background_background&quot;:&quot;gradient&quot;}\">\n\t\t\t\t\t\t<div class=\"elementor-container elementor-column-gap-default\">\n\t\t\t\t\t<div class=\"elementor-column elementor-col-100 elementor-top-column elementor-element elementor-element-ed1f7b7\" data-id=\"ed1f7b7\" data-element_type=\"column\" data-e-type=\"column\">\n\t\t\t<div class=\"elementor-widget-wrap elementor-element-populated\">\n\t\t\t\t\t\t<div class=\"elementor-element elementor-element-98167f1 elementor-widget elementor-widget-spacer\" data-id=\"98167f1\" data-element_type=\"widget\" data-e-type=\"widget\" data-widget_type=\"spacer.default\">\n\t\t\t\t<div class=\"elementor-widget-container\">\n\t\t\t\t\t\t\t<div class=\"elementor-spacer\">\n\t\t\t<div class=\"elementor-spacer-inner\"><\/div>\n\t\t<\/div>\n\t\t\t\t\t\t<\/div>\n\t\t\t\t<\/div>\n\t\t\t\t<div class=\"elementor-element elementor-element-7ab93c1 elementor-widget elementor-widget-heading\" data-id=\"7ab93c1\" data-element_type=\"widget\" data-e-type=\"widget\" data-widget_type=\"heading.default\">\n\t\t\t\t<div class=\"elementor-widget-container\">\n\t\t\t\t\t<h2 class=\"elementor-heading-title elementor-size-default\"><p><b>Modo de acci\u00f3n:<\/b><span style=\", sans-serif;font-size: 24px;font-style: inherit;font-weight: 400;white-space: pre-wrap;background-color: transparent;float: none\"><\/span><\/p><\/h2>\t\t\t\t<\/div>\n\t\t\t\t<\/div>\n\t\t\t\t<div class=\"elementor-element elementor-element-5a70977 elementor-widget elementor-widget-heading\" data-id=\"5a70977\" data-element_type=\"widget\" data-e-type=\"widget\" data-widget_type=\"heading.default\">\n\t\t\t\t<div class=\"elementor-widget-container\">\n\t\t\t\t\t<h2 class=\"elementor-heading-title elementor-size-default\"><p class=\"translation-block\"><b>KOBE<sup>\u00ae<\/sup><\/b> tiene un modo de acci\u00f3n de plegado \u00fanico <b>KOBE<sup>\u00ae<\/sup><\/b> activa la inmunidad de la planta al provocar la resistencia sist\u00e9mica adquirida (SAR) de la planta atacada y al inducir el modo de acci\u00f3n de la resistencia sist\u00e9mica (ISR), lo que hace que las plantas armen sus propios sistemas de defensa contra los pat\u00f3genos atacantes. Una de las autoinmunidad de resistencia m\u00e1s eficaces es manipular la planta para regenerar fitoalexinas que evitan que las esporas y los hongos penetren en la planta.<\/p>\n<p class=\"translation-block\">Los cultivos tratados con <b>KOBE<sup>\u00ae<\/sup><\/b> producen y acumulan una alta proporci\u00f3n de prote\u00ednas autogeneradas, fitoalexinas y otros compuestos conocidos por inhibir enfermedades f\u00fangicas y bacterianas y evitar que la enfermedad o infecci\u00f3n migre a las c\u00e9lulas vecinas. Cuando el cultivo se trata con <b>KOBE<sup>\u00ae<\/sup><\/b>, su sistema de defensa natural se \u201cActiva\u201d para protegerlo contra las enfermedades que lo atacan.<\/p>\n<p class=\"translation-block\">Tambi\u00e9n se descubri\u00f3 que <b>KOBE<sup>\u00ae<\/sup><\/b> inhibe la esporulaci\u00f3n mediante la bios\u00edntesis de c\u00e9lulas hostiles existentes. Posee una buena acci\u00f3n preventiva, moderadamente curativa y erradicante debido a la r\u00e1pida translocaci\u00f3n del extracto vegetal de <i>Rheum officinale Baill<\/i> en la planta <b>KOBE<sup>\u00ae<\/sup><\/b>. Tambi\u00e9n funciona como erradicador al cercar los haustorios f\u00fangicos, a los que se les corta el suministro de nutrientes y, por lo tanto, mueren. Los ingredientes activos clave de  <b>KOBE<sup>\u00ae<\/sup><\/b>, <i>Rheum officinale Baill<\/i>, se pueden producir a partir de varias plantas, as\u00ed como de varios hongos, entre ellos <i>Aspergillus<\/i> spp. y  <i>Penicillium<\/i> spp. Se sabe que ambos tienen actividad antitumoral, fuerte actividad antioxidante y antimutag\u00e9nica.<\/p><\/h2>\t\t\t\t<\/div>\n\t\t\t\t<\/div>\n\t\t\t\t<div class=\"elementor-element elementor-element-ba86093 elementor-widget elementor-widget-spacer\" data-id=\"ba86093\" data-element_type=\"widget\" data-e-type=\"widget\" data-widget_type=\"spacer.default\">\n\t\t\t\t<div class=\"elementor-widget-container\">\n\t\t\t\t\t\t\t<div class=\"elementor-spacer\">\n\t\t\t<div class=\"elementor-spacer-inner\"><\/div>\n\t\t<\/div>\n\t\t\t\t\t\t<\/div>\n\t\t\t\t<\/div>\n\t\t\t\t\t<\/div>\n\t\t<\/div>\n\t\t\t\t\t<\/div>\n\t\t<\/section>\n\t\t\t\t<section class=\"elementor-section elementor-top-section elementor-element elementor-element-9412bfd elementor-section-full_width elementor-section-height-min-height elementor-section-height-default elementor-section-items-middle\" data-id=\"9412bfd\" data-element_type=\"section\" data-e-type=\"section\" data-settings=\"{&quot;background_background&quot;:&quot;gradient&quot;}\">\n\t\t\t\t\t\t<div class=\"elementor-container elementor-column-gap-default\">\n\t\t\t\t\t<div class=\"elementor-column elementor-col-100 elementor-top-column elementor-element elementor-element-32fd47f\" data-id=\"32fd47f\" data-element_type=\"column\" data-e-type=\"column\">\n\t\t\t<div class=\"elementor-widget-wrap elementor-element-populated\">\n\t\t\t\t\t\t<div class=\"elementor-element elementor-element-af22ec1 elementor-widget elementor-widget-spacer\" data-id=\"af22ec1\" data-element_type=\"widget\" data-e-type=\"widget\" data-widget_type=\"spacer.default\">\n\t\t\t\t<div class=\"elementor-widget-container\">\n\t\t\t\t\t\t\t<div class=\"elementor-spacer\">\n\t\t\t<div class=\"elementor-spacer-inner\"><\/div>\n\t\t<\/div>\n\t\t\t\t\t\t<\/div>\n\t\t\t\t<\/div>\n\t\t\t\t<div class=\"elementor-element elementor-element-e04a79e elementor-widget elementor-widget-spacer\" data-id=\"e04a79e\" data-element_type=\"widget\" data-e-type=\"widget\" data-widget_type=\"spacer.default\">\n\t\t\t\t<div class=\"elementor-widget-container\">\n\t\t\t\t\t\t\t<div class=\"elementor-spacer\">\n\t\t\t<div class=\"elementor-spacer-inner\"><\/div>\n\t\t<\/div>\n\t\t\t\t\t\t<\/div>\n\t\t\t\t<\/div>\n\t\t\t\t<div class=\"elementor-element elementor-element-c8a9e2a elementor-widget elementor-widget-heading\" data-id=\"c8a9e2a\" data-element_type=\"widget\" data-e-type=\"widget\" data-widget_type=\"heading.default\">\n\t\t\t\t<div class=\"elementor-widget-container\">\n\t\t\t\t\t<h2 class=\"elementor-heading-title elementor-size-default\"><p><b>Caracter\u00edsticas:<\/b><span style=\", sans-serif;font-size: 24px;font-weight: 400;background-color: transparent\"><\/span><\/p><\/h2>\t\t\t\t<\/div>\n\t\t\t\t<\/div>\n\t\t\t\t<div class=\"elementor-element elementor-element-503e926 elementor-widget elementor-widget-heading\" data-id=\"503e926\" data-element_type=\"widget\" data-e-type=\"widget\" data-widget_type=\"heading.default\">\n\t\t\t\t<div class=\"elementor-widget-container\">\n\t\t\t\t\t<h2 class=\"elementor-heading-title elementor-size-default\"><ul>\n  <li>Alta eficacia contra una amplia gama de plagas<\/li>\n  <li>Cumplimiento de los programas de manejo de resistencia a plagas<\/li>\n  <li>Ideal para el programa IPM debido a la seguridad de Levo 2.4 SL\u2122 para los organismos beneficiosos, como Phytoseiulus sp. y los abejorros.<\/li>\n  <li>\u00cdndice de LMR (nivel m\u00e1ximo de residuos) bajo<\/li>\n  <li>Estimula el crecimiento de los cultivos y el bienestar general, haciendo que las plantas sean menos vulnerables<\/li>\n  <li>Adecuado para aplicaci\u00f3n como plaguicida foliar as\u00ed como para rociar con agua de riego<\/li>\n  <li>Puede utilizarse en agricultura biol\u00f3gica y org\u00e1nica.<\/li>\n  <li>Compatible con otros pesticidas<\/li>\n<\/ul>\n<\/h2>\t\t\t\t<\/div>\n\t\t\t\t<\/div>\n\t\t\t\t\t<\/div>\n\t\t<\/div>\n\t\t\t\t\t<\/div>\n\t\t<\/section>\n\t\t\t\t<\/div>","protected":false},"excerpt":{"rendered":"<p>What is KOBE\u00ae About KOBE\u00ae: KOBE\u00ae is a newly developed highly bio-active plant-derived fungicide\/viricide and contains Rheum Officinale Baill Plant Extract. The key active ingredients in KOBE\u00ae are natural substances extracted by a unique extraction process from the herbal plant Rheum officinale Baill and a patent protected isolation method from the roots of the plant [&hellip;]<\/p>\n","protected":false},"author":6,"featured_media":0,"parent":0,"menu_order":0,"comment_status":"closed","ping_status":"closed","template":"elementor_header_footer","meta":{"footnotes":""},"class_list":["post-714","page","type-page","status-publish","hentry","entry"],"_links":{"self":[{"href":"https:\/\/www.kobe12sl.com\/es\/wp-json\/wp\/v2\/pages\/714","targetHints":{"allow":["GET"]}}],"collection":[{"href":"https:\/\/www.kobe12sl.com\/es\/wp-json\/wp\/v2\/pages"}],"about":[{"href":"https:\/\/www.kobe12sl.com\/es\/wp-json\/wp\/v2\/types\/page"}],"author":[{"embeddable":true,"href":"https:\/\/www.kobe12sl.com\/es\/wp-json\/wp\/v2\/users\/6"}],"replies":[{"embeddable":true,"href":"https:\/\/www.kobe12sl.com\/es\/wp-json\/wp\/v2\/comments?post=714"}],"version-history":[{"count":71,"href":"https:\/\/www.kobe12sl.com\/es\/wp-json\/wp\/v2\/pages\/714\/revisions"}],"predecessor-version":[{"id":1195,"href":"https:\/\/www.kobe12sl.com\/es\/wp-json\/wp\/v2\/pages\/714\/revisions\/1195"}],"wp:attachment":[{"href":"https:\/\/www.kobe12sl.com\/es\/wp-json\/wp\/v2\/media?parent=714"}],"curies":[{"name":"wp","href":"https:\/\/api.w.org\/{rel}","templated":true}]}}